{"id":120,"date":"2024-09-26T08:46:06","date_gmt":"2024-09-26T08:46:06","guid":{"rendered":"https:\/\/opderhei.lu\/impressum\/"},"modified":"2024-09-26T08:46:06","modified_gmt":"2024-09-26T08:46:06","slug":"impressum","status":"publish","type":"page","link":"https:\/\/opderhei.lu\/de\/impressum\/","title":{"rendered":"Impressum"},"content":{"rendered":"<h1>Mentions l\u00e9gales<\/h1>\n<div class=\"row\">\n<div class=\"col-md-4 mb-4 mb-md-0\">\n<h2>Webdesign<\/h2>\n<p><strong>SAN &#8211; Creative Studio<\/strong><\/p>\n<p>9, Kapellestrooss<br \/>\n9780 Wincrange<br \/>\nLuxembourg<\/p>\n<p>T\u00e9l.: +352 \/ 28 11 42 -1<\/p>\n<p><a href=\"https:\/\/www.san.lu\/\" target=\"_blank\" rel=\"noopener\">www.san.lu<\/a><\/p>\n<p>VAT ID: LU 23210683<\/p>\n<\/div>\n<div class=\"col-md-4 mb-4 mb-md-0\">\n<h2>Production<\/h2>\n<p><a href=\"https:\/\/www.digitalvision.lu\/\" target=\"_blank\" rel=\"noopener\"><strong>Digital Vision S.\u00e0 r.l. \u2013 Services informatiques<\/strong><\/a><\/p>\n<p>Am Hock, 4<br \/>\n9991 Weiswampach<br \/>\nLuxemburg<\/p>\n<p><a href=\"https:\/\/www.digitalvision.lu\/\" target=\"_blank\" rel=\"noopener\">Agence Web Digital Vision<\/a><\/p>\n<p>+352 206 011 02<\/p>\n<p>IBLC: LU31296945<br \/>\nMatricule: 2019 2436 495<br \/>\nRCS Luxembourg: B235393<\/p>\n<\/div>\n<div class=\"col-md-4\">\n<h2>Web Hosting \/ Datacenter<\/h2>\n<p><strong>Microsoft Azure<\/strong><\/p>\n<p>Amsterdam Data Center<\/p>\n<p>Agriport, 601<br \/>\n1775 TK Middenmeer<br \/>\nNetherlands<\/p>\n<p><a href=\"https:\/\/www.datacenters.com\/microsoft-amsterdam\" target=\"_blank\" rel=\"noopener\">Microsoft: Amsterdam Data Center (datacenters.com)<\/a><\/p>\n<\/div>\n<\/div>\n<hr \/>\n<h2>R\u00e9dacteur en chef<\/h2>\n<p>Housen &#8211; Portes ouvertes<\/p>\n<h2>Conditions d\u2019utilisation<\/h2>\n<h3>Conditions d\u2019acc\u00e8s au site<\/h3>\n<p>Toute personne (ci-apr\u00e8s \u00ab\u00a0l\u2019utilisateur\u00a0\u00bb) acc\u00e9dant au pr\u00e9sent site (ci-apr\u00e8s \u00ab\u00a0le site\u00a0\u00bb) est pr\u00e9sum\u00e9e avoir accept\u00e9 de fa\u00e7on inconditionnelle l\u2019ensemble des dispositions et des conditions d\u2019utilisation du site. Le site est accessible \u00e0 tout moment partout dans le monde. L\u2019utilisateur qui s\u2019y connecte porte seul la responsabilit\u00e9 de se conformer au respect des l\u00e9gislations et\/ou r\u00e9glementations en vigueur dans le pays o\u00f9 il r\u00e9side ou de celui d\u2019o\u00f9 il se connecte au site.<\/p>\n<h3>Modification des pr\u00e9sentes conditions d\u2019utilisation, comp\u00e9tence et droit applicable<\/h3>\n<p>Les pr\u00e9sentes conditions d\u2019utilisation peuvent \u00eatre modifi\u00e9es par l\u2019\u00e9diteur \u00e0 tout moment. Les conditions d\u2019utilisation applicables \u00e0 toute utilisation du site sont celles disponibles et publi\u00e9es sur le site au moment de sa consultation par l\u2019utilisateur. La nullit\u00e9 ou non-validit\u00e9 d\u2019une disposition des pr\u00e9sentes conditions d\u2019utilisation ne porte pas pr\u00e9judice \u00e0 la validit\u00e9 des autres dispositions des pr\u00e9sentes conditions.<\/p>\n","protected":false},"excerpt":{"rendered":"<p>Mentions l\u00e9gales Webdesign SAN &#8211; Creative Studio 9, Kapellestrooss 9780 Wincrange Luxembourg T\u00e9l.: +352 \/ 28 11 42 -1 www.san.lu VAT ID: LU 23210683 Production Digital Vision S.\u00e0 r.l. \u2013 Services informatiques Am Hock, 4 9991 Weiswampach Luxemburg Agence Web Digital Vision +352 206 011 02 IBLC: LU31296945 Matricule: 2019 2436 495 RCS Luxembourg: B235393 [&hellip;]<\/p>\n","protected":false},"author":1,"featured_media":0,"parent":0,"menu_order":0,"comment_status":"closed","ping_status":"closed","template":"","meta":{"_acf_changed":false,"footnotes":""},"class_list":["post-120","page","type-page","status-publish","hentry"],"acf":[],"yoast_head":"<!-- This site is optimized with the Yoast SEO plugin v23.5 - https:\/\/yoast.com\/wordpress\/plugins\/seo\/ -->\n<title>Impressum - Op der H\u00e9i<\/title>\n<meta name=\"robots\" content=\"index, follow, max-snippet:-1, max-image-preview:large, max-video-preview:-1\" \/>\n<link rel=\"canonical\" href=\"https:\/\/opderhei.lu\/impressum\/\" \/>\n<meta property=\"og:locale\" content=\"de_DE\" \/>\n<meta property=\"og:type\" content=\"article\" \/>\n<meta property=\"og:title\" content=\"Impressum - Op der H\u00e9i\" \/>\n<meta property=\"og:description\" content=\"Mentions l\u00e9gales Webdesign SAN &#8211; Creative Studio 9, Kapellestrooss 9780 Wincrange Luxembourg T\u00e9l.: +352 \/ 28 11 42 -1 www.san.lu VAT ID: LU 23210683 Production Digital Vision S.\u00e0 r.l. \u2013 Services informatiques Am Hock, 4 9991 Weiswampach Luxemburg Agence Web Digital Vision +352 206 011 02 IBLC: LU31296945 Matricule: 2019 2436 495 RCS Luxembourg: B235393 [&hellip;]\" \/>\n<meta property=\"og:url\" content=\"https:\/\/opderhei.lu\/impressum\/\" \/>\n<meta property=\"og:site_name\" content=\"Op der H\u00e9i\" \/>\n<meta name=\"twitter:card\" content=\"summary_large_image\" \/>\n<meta name=\"twitter:label1\" content=\"Gesch\u00e4tzte Lesezeit\" \/>\n\t<meta name=\"twitter:data1\" content=\"2\u00a0Minuten\" \/>\n<script type=\"application\/ld+json\" class=\"yoast-schema-graph\">{\"@context\":\"https:\/\/schema.org\",\"@graph\":[{\"@type\":\"WebPage\",\"@id\":\"https:\/\/opderhei.lu\/impressum\/\",\"url\":\"https:\/\/opderhei.lu\/impressum\/\",\"name\":\"Impressum - Op der H\u00e9i\",\"isPartOf\":{\"@id\":\"https:\/\/opderhei.lu\/#website\"},\"datePublished\":\"2024-09-26T08:46:06+00:00\",\"dateModified\":\"2024-09-26T08:46:06+00:00\",\"breadcrumb\":{\"@id\":\"https:\/\/opderhei.lu\/impressum\/#breadcrumb\"},\"inLanguage\":\"de\",\"potentialAction\":[{\"@type\":\"ReadAction\",\"target\":[\"https:\/\/opderhei.lu\/impressum\/\"]}]},{\"@type\":\"BreadcrumbList\",\"@id\":\"https:\/\/opderhei.lu\/impressum\/#breadcrumb\",\"itemListElement\":[{\"@type\":\"ListItem\",\"position\":1,\"name\":\"Home\",\"item\":\"https:\/\/opderhei.lu\/de\/\"},{\"@type\":\"ListItem\",\"position\":2,\"name\":\"Impressum\"}]},{\"@type\":\"WebSite\",\"@id\":\"https:\/\/opderhei.lu\/#website\",\"url\":\"https:\/\/opderhei.lu\/\",\"name\":\"Op der H\u00e9i\",\"description\":\"\",\"potentialAction\":[{\"@type\":\"SearchAction\",\"target\":{\"@type\":\"EntryPoint\",\"urlTemplate\":\"https:\/\/opderhei.lu\/?s={search_term_string}\"},\"query-input\":{\"@type\":\"PropertyValueSpecification\",\"valueRequired\":true,\"valueName\":\"search_term_string\"}}],\"inLanguage\":\"de\"}]}<\/script>\n<!-- \/ Yoast SEO plugin. -->","yoast_head_json":{"title":"Impressum - Op der H\u00e9i","robots":{"index":"index","follow":"follow","max-snippet":"max-snippet:-1","max-image-preview":"max-image-preview:large","max-video-preview":"max-video-preview:-1"},"canonical":"https:\/\/opderhei.lu\/impressum\/","og_locale":"de_DE","og_type":"article","og_title":"Impressum - Op der H\u00e9i","og_description":"Mentions l\u00e9gales Webdesign SAN &#8211; Creative Studio 9, Kapellestrooss 9780 Wincrange Luxembourg T\u00e9l.: +352 \/ 28 11 42 -1 www.san.lu VAT ID: LU 23210683 Production Digital Vision S.\u00e0 r.l. \u2013 Services informatiques Am Hock, 4 9991 Weiswampach Luxemburg Agence Web Digital Vision +352 206 011 02 IBLC: LU31296945 Matricule: 2019 2436 495 RCS Luxembourg: B235393 [&hellip;]","og_url":"https:\/\/opderhei.lu\/impressum\/","og_site_name":"Op der H\u00e9i","twitter_card":"summary_large_image","twitter_misc":{"Gesch\u00e4tzte Lesezeit":"2\u00a0Minuten"},"schema":{"@context":"https:\/\/schema.org","@graph":[{"@type":"WebPage","@id":"https:\/\/opderhei.lu\/impressum\/","url":"https:\/\/opderhei.lu\/impressum\/","name":"Impressum - Op der H\u00e9i","isPartOf":{"@id":"https:\/\/opderhei.lu\/#website"},"datePublished":"2024-09-26T08:46:06+00:00","dateModified":"2024-09-26T08:46:06+00:00","breadcrumb":{"@id":"https:\/\/opderhei.lu\/impressum\/#breadcrumb"},"inLanguage":"de","potentialAction":[{"@type":"ReadAction","target":["https:\/\/opderhei.lu\/impressum\/"]}]},{"@type":"BreadcrumbList","@id":"https:\/\/opderhei.lu\/impressum\/#breadcrumb","itemListElement":[{"@type":"ListItem","position":1,"name":"Home","item":"https:\/\/opderhei.lu\/de\/"},{"@type":"ListItem","position":2,"name":"Impressum"}]},{"@type":"WebSite","@id":"https:\/\/opderhei.lu\/#website","url":"https:\/\/opderhei.lu\/","name":"Op der H\u00e9i","description":"","potentialAction":[{"@type":"SearchAction","target":{"@type":"EntryPoint","urlTemplate":"https:\/\/opderhei.lu\/?s={search_term_string}"},"query-input":{"@type":"PropertyValueSpecification","valueRequired":true,"valueName":"search_term_string"}}],"inLanguage":"de"}]}},"_links":{"self":[{"href":"https:\/\/opderhei.lu\/de\/wp-json\/wp\/v2\/pages\/120","targetHints":{"allow":["GET"]}}],"collection":[{"href":"https:\/\/opderhei.lu\/de\/wp-json\/wp\/v2\/pages"}],"about":[{"href":"https:\/\/opderhei.lu\/de\/wp-json\/wp\/v2\/types\/page"}],"author":[{"embeddable":true,"href":"https:\/\/opderhei.lu\/de\/wp-json\/wp\/v2\/users\/1"}],"replies":[{"embeddable":true,"href":"https:\/\/opderhei.lu\/de\/wp-json\/wp\/v2\/comments?post=120"}],"version-history":[{"count":0,"href":"https:\/\/opderhei.lu\/de\/wp-json\/wp\/v2\/pages\/120\/revisions"}],"wp:attachment":[{"href":"https:\/\/opderhei.lu\/de\/wp-json\/wp\/v2\/media?parent=120"}],"curies":[{"name":"wp","href":"https:\/\/api.w.org\/{rel}","templated":true}]}}